{"id":5131,"date":"2023-04-19T09:14:01","date_gmt":"2023-04-19T07:14:01","guid":{"rendered":"http:\/\/www.esnm-visja.si\/?page_id=5131"},"modified":"2023-04-19T09:15:50","modified_gmt":"2023-04-19T07:15:50","slug":"izjava-o-dostopnosti","status":"publish","type":"page","link":"https:\/\/www.esnm-visja.si\/en\/izjava-o-dostopnosti\/","title":{"rendered":"Izjava o dostopnosti"},"content":{"rendered":"<p><strong>IZJAVA O DOSTOPNOSTI<\/strong><\/p>\n\n\n\n<p>S spodbujanjem vklju\u010denosti in dostopnosti lahko vsem omogo\u010dimo enake mo\u017enosti za razvoj. Pomembno je, da se uporabnikom omogo\u010di zaznavanje, razumevanje, navigacijo ter interakcijo s spletom. S tem namenom smo na vi\u0161je\u0161olski spletni strani <a href=\"http:\/\/www.esnm-visja.si\/en\/\">http:\/\/www.esnm-visja.si\/<\/a> dodali nov vti\u010dnik, ki ponuja funkcionalnosti, namenjene osebam s posebnimi potrebami.<\/p>\n\n\n\n<p><strong>Stopnja skladnosti<\/strong><\/p>\n\n\n\n<p>Na spletni strani je dodana funkcionalnost z vti\u010dnikom &#8216;<strong>userway<\/strong>&#8216; na stopnji AA, ki je skladna s standardom SIST EN 301 549 V1.1.2, ki je zahtevan v ZDSMA, ki jih lahko uporabljajo osebe z razli\u010dnimi oblikami oviranosti. Spletne strani so pripravljene v skladu z mednarodnimi smernicami za dostopnost spletnih vsebin in ustrezajo standardu WCAG (Web Content Accesibility Guidelines) 2.1.<\/p>\n\n\n\n<p>Z vti\u010dnikom &#8216;<strong>userway<\/strong>&#8216;&nbsp;obiskovalcem spleti\u0161\u010da omogo\u010damo, da prikaz spleti\u0161\u010da prilagodijo svojim potrebam. Obiskovalci spletne strani lahko s pomo\u010djo vti\u010dnika spremenijo pisavo, pove\u010dajo \u010drke, spremenijo kontrast barv na spleti\u0161\u010du, ustavijo premike ter s pod\u010drtovanjem naredijo hiperpovezave bolj vidne.<\/p>\n\n\n\n<p>Spleti\u0161\u010de Ekonomske \u0161ole Novo mesto &#8211; Vi\u0161je strokovne \u0161ole je delno skladno z <a href=\"http:\/\/www.pisrs.si\/Pis.web\/pregledPredpisa?id=ZAKO7718\">Zakonom o dostopnosti spleti\u0161\u010d in mobilnih aplikacij<\/a>\u00a0zaradi spodaj navedenih izjem.<\/p>\n\n\n\n<p><strong>Nedostopna vsebina<\/strong><\/p>\n\n\n\n<p>Dostopnost spleti\u0161\u010da Ekonomske \u0161ole Novo mesto &#8211; Vi\u0161je strokovne \u0161ole nenehno spremljamo in sproti izbolj\u0161ujemo posamezne elemente dostopnosti. Kljub temu nekatere objavljene vsebine ne izpolnjujejo vseh zahtev glede dostopnosti, kot jih dolo\u010da Zakon o dostopnosti spleti\u0161\u010d in mobilnih aplikacij.<\/p>\n\n\n\n<p>Primeri takih vsebin so:<\/p>\n\n\n\n<ul class=\"wp-block-list\">\n<li>skenirani dokumenti v PDF obliki zapisa,<\/li>\n\n\n\n<li>programsko generirani dokumenti (npr. letna poro\u010dila),<\/li>\n\n\n\n<li>razli\u010dne kompleksne tabele s podatki,<\/li>\n\n\n\n<li>organigrami,<\/li>\n\n\n\n<li>videoposnetki, ki nimajo podnapisov<\/li>\n<\/ul>\n\n\n\n<p>Ta izjava o dostopnosti se nana\u0161a na spleti\u0161\u010de Ekonomske \u0161ole Novo mesto &#8211; Vi\u0161je strokovne \u0161ole, ki se nahaja na spletnem naslovu <a href=\"http:\/\/www.esnm-visja.si\/en\/\">http:\/\/www.esnm-visja.si\/<\/a><\/p>\n\n\n\n<p><strong>Nadzor nad izvajanjem Zakona o dostopnosti spleti\u0161\u010d in mobilnih aplikacij<\/strong><\/p>\n\n\n\n<p>Ministrstvo za javno upravo<br>Uprava za informacijsko varnost<br>In\u0161pekcija za informacijsko dru\u017ebo<\/p>\n\n\n\n<p>Tr\u017ea\u0161ka cesta 21<br>1000 Ljubljana<\/p>\n\n\n\n<p><a href=\"mailto:gp.mju@gov.si\">gp.mju@gov.si<\/a><\/p>\n\n\n\n<p><strong>Priprava izjave o dostopnosti<\/strong><\/p>\n\n\n\n<p>Izjava je bila pripravljena 19.4. 2023 na podlagi samoocene.<\/p>\n\n\n\n<p>Za vsa vpra\u0161anja in predloge smo dostopni na e-naslovu <a href=\"mailto:informacije@esnm.si\">informacije@esnm.si<\/a>.<\/p>","protected":false},"excerpt":{"rendered":"<p>IZJAVA O DOSTOPNOSTI S spodbujanjem vklju\u010denosti in dostopnosti lahko vsem omogo\u010dimo enake mo\u017enosti za razvoj. Pomembno je, da se uporabnikom omogo\u010di zaznavanje, razumevanje, navigacijo ter interakcijo s spletom. S tem namenom smo na vi\u0161je\u0161olski spletni strani http:\/\/www.esnm-visja.si\/ dodali nov vti\u010dnik, ki ponuja funkcionalnosti, namenjene osebam s posebnimi potrebami. Stopnja skladnosti Na spletni strani je dodana [&hellip;]<\/p>\n","protected":false},"author":1,"featured_media":0,"parent":0,"menu_order":0,"comment_status":"closed","ping_status":"closed","template":"","meta":{"site-sidebar-layout":"default","site-content-layout":"","ast-site-content-layout":"default","site-content-style":"default","site-sidebar-style":"default","ast-global-header-display":"","ast-banner-title-visibility":"","ast-main-header-display":"","ast-hfb-above-header-display":"","ast-hfb-below-header-display":"","ast-hfb-mobile-header-display":"","site-post-title":"","ast-breadcrumbs-content":"","ast-featured-img":"","footer-sml-layout":"","ast-disable-related-posts":"","theme-transparent-header-meta":"","adv-header-id-meta":"","stick-header-meta":"","header-above-stick-meta":"","header-main-stick-meta":"","header-below-stick-meta":"","astra-migrate-meta-layouts":"default","ast-page-background-enabled":"default","ast-page-background-meta":{"desktop":{"background-color":"","background-image":"","background-repeat":"repeat","background-position":"center center","background-size":"auto","background-attachment":"scroll","background-type":"","background-media":"","overlay-type":"","overlay-color":"","overlay-opacity":"","overlay-gradient":""},"tablet":{"background-color":"","background-image":"","background-repeat":"repeat","background-position":"center center","background-size":"auto","background-attachment":"scroll","background-type":"","background-media":"","overlay-type":"","overlay-color":"","overlay-opacity":"","overlay-gradient":""},"mobile":{"background-color":"","background-image":"","background-repeat":"repeat","background-position":"center center","background-size":"auto","background-attachment":"scroll","background-type":"","background-media":"","overlay-type":"","overlay-color":"","overlay-opacity":"","overlay-gradient":""}},"ast-content-background-meta":{"desktop":{"background-color":"var(--ast-global-color-5)","background-image":"","background-repeat":"repeat","background-position":"center center","background-size":"auto","background-attachment":"scroll","background-type":"","background-media":"","overlay-type":"","overlay-color":"","overlay-opacity":"","overlay-gradient":""},"tablet":{"background-color":"var(--ast-global-color-5)","background-image":"","background-repeat":"repeat","background-position":"center center","background-size":"auto","background-attachment":"scroll","background-type":"","background-media":"","overlay-type":"","overlay-color":"","overlay-opacity":"","overlay-gradient":""},"mobile":{"background-color":"var(--ast-global-color-5)","background-image":"","background-repeat":"repeat","background-position":"center center","background-size":"auto","background-attachment":"scroll","background-type":"","background-media":"","overlay-type":"","overlay-color":"","overlay-opacity":"","overlay-gradient":""}},"footnotes":""},"class_list":["post-5131","page","type-page","status-publish","hentry"],"jetpack_sharing_enabled":true,"_links":{"self":[{"href":"https:\/\/www.esnm-visja.si\/en\/wp-json\/wp\/v2\/pages\/5131","targetHints":{"allow":["GET"]}}],"collection":[{"href":"https:\/\/www.esnm-visja.si\/en\/wp-json\/wp\/v2\/pages"}],"about":[{"href":"https:\/\/www.esnm-visja.si\/en\/wp-json\/wp\/v2\/types\/page"}],"author":[{"embeddable":true,"href":"https:\/\/www.esnm-visja.si\/en\/wp-json\/wp\/v2\/users\/1"}],"replies":[{"embeddable":true,"href":"https:\/\/www.esnm-visja.si\/en\/wp-json\/wp\/v2\/comments?post=5131"}],"version-history":[{"count":2,"href":"https:\/\/www.esnm-visja.si\/en\/wp-json\/wp\/v2\/pages\/5131\/revisions"}],"predecessor-version":[{"id":5133,"href":"https:\/\/www.esnm-visja.si\/en\/wp-json\/wp\/v2\/pages\/5131\/revisions\/5133"}],"wp:attachment":[{"href":"https:\/\/www.esnm-visja.si\/en\/wp-json\/wp\/v2\/media?parent=5131"}],"curies":[{"name":"wp","href":"https:\/\/api.w.org\/{rel}","templated":true}]}}