{"id":4522,"date":"2022-11-15T08:01:19","date_gmt":"2022-11-15T07:01:19","guid":{"rendered":"http:\/\/www.esnm-visja.si\/?page_id=4522"},"modified":"2022-11-15T08:35:02","modified_gmt":"2022-11-15T07:35:02","slug":"izjava-o-zasebnosti","status":"publish","type":"page","link":"http:\/\/www.esnm-visja.si\/en\/izjava-o-zasebnosti\/","title":{"rendered":"Izjava o zasebnosti"},"content":{"rendered":"<div data-elementor-type=\"wp-page\" data-elementor-id=\"4522\" class=\"elementor elementor-4522\" data-elementor-post-type=\"page\">\n\t\t\t\t\t\t<section class=\"elementor-section elementor-top-section elementor-element elementor-element-ba99e4c elementor-section-boxed elementor-section-height-default elementor-section-height-default\" data-id=\"ba99e4c\" data-element_type=\"section\" data-e-type=\"section\" data-settings=\"{&quot;background_background&quot;:&quot;classic&quot;}\">\n\t\t\t\t\t\t<div class=\"elementor-container elementor-column-gap-default\">\n\t\t\t\t\t<div class=\"elementor-column elementor-col-100 elementor-top-column elementor-element elementor-element-500e605\" data-id=\"500e605\" data-element_type=\"column\" data-e-type=\"column\">\n\t\t\t<div class=\"elementor-widget-wrap elementor-element-populated\">\n\t\t\t\t\t\t<div class=\"elementor-element elementor-element-db030df elementor-widget elementor-widget-heading\" data-id=\"db030df\" data-element_type=\"widget\" data-e-type=\"widget\" data-widget_type=\"heading.default\">\n\t\t\t\t<div class=\"elementor-widget-container\">\n\t\t\t\t\t<h2 class=\"elementor-heading-title elementor-size-default\">Izjava o zasebnosti<\/h2>\t\t\t\t<\/div>\n\t\t\t\t<\/div>\n\t\t\t\t\t<\/div>\n\t\t<\/div>\n\t\t\t\t\t<\/div>\n\t\t<\/section>\n\t\t\t\t<section class=\"elementor-section elementor-top-section elementor-element elementor-element-0a4fbe3 elementor-section-boxed elementor-section-height-default elementor-section-height-default\" data-id=\"0a4fbe3\" data-element_type=\"section\" data-e-type=\"section\" data-settings=\"{&quot;background_background&quot;:&quot;classic&quot;}\">\n\t\t\t\t\t\t<div class=\"elementor-container elementor-column-gap-default\">\n\t\t\t\t\t<div class=\"elementor-column elementor-col-100 elementor-top-column elementor-element elementor-element-9bd1166\" data-id=\"9bd1166\" data-element_type=\"column\" data-e-type=\"column\" data-settings=\"{&quot;background_background&quot;:&quot;classic&quot;}\">\n\t\t\t<div class=\"elementor-widget-wrap\">\n\t\t\t\t\t\t\t<\/div>\n\t\t<\/div>\n\t\t\t\t\t<\/div>\n\t\t<\/section>\n\t\t\t\t<section class=\"elementor-section elementor-top-section elementor-element elementor-element-2575047 elementor-section-boxed elementor-section-height-default elementor-section-height-default\" data-id=\"2575047\" data-element_type=\"section\" data-e-type=\"section\" data-settings=\"{&quot;background_background&quot;:&quot;classic&quot;}\">\n\t\t\t\t\t\t<div class=\"elementor-container elementor-column-gap-default\">\n\t\t\t\t\t<div class=\"elementor-column elementor-col-100 elementor-top-column elementor-element elementor-element-f30c488\" data-id=\"f30c488\" data-element_type=\"column\" data-e-type=\"column\" data-settings=\"{&quot;background_background&quot;:&quot;classic&quot;}\">\n\t\t\t<div class=\"elementor-widget-wrap elementor-element-populated\">\n\t\t\t\t\t\t<div class=\"elementor-element elementor-element-8908e5e elementor-widget elementor-widget-text-editor\" data-id=\"8908e5e\" data-element_type=\"widget\" data-e-type=\"widget\" data-widget_type=\"text-editor.default\">\n\t\t\t\t<div class=\"elementor-widget-container\">\n\t\t\t\t\t\t\t\t\t<p>Na\u0161e spleti\u0161\u010de uporablja pi\u0161kotke. To so majhni podatkovni drobci, ki jih spletni stre\u017enik ob obisku ponudi va\u0161emu brskalniku. Ta jih obi\u010dajno shrani na va\u0161 ra\u010dunalnik oziroma mobilno napravo, ob poznej\u0161ih obiskih pa se shranjeni pi\u0161kotek iz brskalnika ponovno po\u0161lje stre\u017eniku. Pi\u0161kotki se uporabljajo za shranjevanje nastavitev, vodenje seje posameznega uporabnika, razlikovanje med uporabniki in za njihovo sledenje na spleti\u0161\u010du (lahko tudi med ve\u010dimi spleti\u0161\u010di). Nadzor nad nalaganjem pi\u0161kotkov, pregled njihovih lastnostni in njihovo brisanje so mo\u017eni v nastavitvah va\u0161ega spletnega brskalnika, ali z uporabo dodatnih vti\u010dnikov v njem.<\/p><p>\u00a0<\/p>\t\t\t\t\t\t\t\t<\/div>\n\t\t\t\t<\/div>\n\t\t\t\t<div class=\"elementor-element elementor-element-47eacb2 elementor-widget elementor-widget-text-editor\" data-id=\"47eacb2\" data-element_type=\"widget\" data-e-type=\"widget\" data-widget_type=\"text-editor.default\">\n\t\t\t\t<div class=\"elementor-widget-container\">\n\t\t\t\t\t\t\t\t\t<p><span style=\"font-style: inherit; font-weight: inherit; letter-spacing: 0px; color: var(--ast-global-color-3);\">Pi\u0161kotke razlikujemo glede na naslednje zna\u010dilnosti:<\/span><\/p><ul><li>za\u010dasni (in sejni) ali trajni pi\u0161kotki,<\/li><li>lastni pi\u0161kotki ali pi\u0161kotki tretjih oseb.<\/li><\/ul><p><strong>Sejni pi\u0161kote<\/strong>k je pi\u0161kotek, ki se samodejno izbri\u0161e, ko brskalnik zaprete, medtem ko trajni pi\u0161kotek ostane shranjen v brskalniku, dokler ne mine dolo\u010deno obdobje (kar je lahko nekaj minut, dni ali ve\u010d let).<\/p><p><strong>Lastne pi\u0161kotke<\/strong> postavi spleti\u0161\u010de, ki ste ga obiskali, pi\u0161kotke tretjih oseb pa postavi zunanja partnerska spletna storitev, ki je v spleti\u0161\u010de vklju\u010dena zaradi \u017eelene funkcionalnosti.<\/p>\t\t\t\t\t\t\t\t<\/div>\n\t\t\t\t<\/div>\n\t\t\t\t\t<\/div>\n\t\t<\/div>\n\t\t\t\t\t<\/div>\n\t\t<\/section>\n\t\t\t\t<section class=\"elementor-section elementor-top-section elementor-element elementor-element-3c8c38a elementor-section-boxed elementor-section-height-default elementor-section-height-default\" data-id=\"3c8c38a\" data-element_type=\"section\" data-e-type=\"section\" data-settings=\"{&quot;background_background&quot;:&quot;classic&quot;}\">\n\t\t\t\t\t\t<div class=\"elementor-container elementor-column-gap-default\">\n\t\t\t\t\t<div class=\"elementor-column elementor-col-100 elementor-top-column elementor-element elementor-element-6ae462f\" data-id=\"6ae462f\" data-element_type=\"column\" data-e-type=\"column\" data-settings=\"{&quot;background_background&quot;:&quot;classic&quot;}\">\n\t\t\t<div class=\"elementor-widget-wrap elementor-element-populated\">\n\t\t\t\t\t\t<div class=\"elementor-element elementor-element-66d3f46 elementor-widget elementor-widget-text-editor\" data-id=\"66d3f46\" data-element_type=\"widget\" data-e-type=\"widget\" data-widget_type=\"text-editor.default\">\n\t\t\t\t<div class=\"elementor-widget-container\">\n\t\t\t\t\t\t\t\t\t<h3><span style=\"font-style: inherit; font-weight: inherit; letter-spacing: 0px; color: var(--ast-global-color-3);\">Katere pi\u0161kotke uporablja spletna stran esnm-visja.si?<\/span><\/h3><ul><li><h4>Na\u0161i pi\u0161kotki<\/h4><\/li><\/ul><p>Za pravilno delovanje spletne strani uporabljamo obvezne pi\u0161kotke. Teh pi\u0161kotkov ni mogo\u010de izklopiti, prepre\u010dite jih lahko edino \u010de ne uporabljate strani ali izklopite pi\u0161kotke v va\u0161em brskalniku.<\/p><ul><li><h4>Funkcionalnost tretjih oseb<\/h4><\/li><\/ul><p>Na\u0161a stran, kot ve\u010dina strani, vklju\u010duje funkcionalnost zagotovljeno od tretjih oseb. Pogost primer je vgrajen Youtube video. Na\u0161a spletna stran uporablja slednje:<\/p><ul><li>Vgrajene Youtube videe<\/li><li>Vgrajene Google Zemljevide<\/li><\/ul><p>Onemogo\u010danje teh pi\u0161kotkov bi prekinilo delovanje teh funkcij ponujenih od tretjih oseb.<\/p><ul><li><h4>Anonimni pi\u0161kotki statistike obiskov<\/h4><\/li><\/ul><p>Uporabljamo pi\u0161kotke za zbiranje anonimne statistike \u0161tevila obiskov, vrsto operacijskega sistema (Windows, Android, Mac za pomo\u010d pri dolo\u010ditvi napak in odpravljanja le teh), koliko \u010dasa nekdo obiskuje stran, katero stran si ogleda itd. To nam pomaga nenehno izbolj\u0161anje spletne strani. Ti pi\u0161kotki nam tudi povedo, anonimno, iz katere strani je nekdo pri\u0161el (Facebook, Google..).<\/p><p>Za analizo obiskov uporabljamo: Jetpack Statisti<\/p>\t\t\t\t\t\t\t\t<\/div>\n\t\t\t\t<\/div>\n\t\t\t\t\t<\/div>\n\t\t<\/div>\n\t\t\t\t\t<\/div>\n\t\t<\/section>\n\t\t\t\t<\/div>","protected":false},"excerpt":{"rendered":"<p>Izjava o zasebnosti Na\u0161e spleti\u0161\u010de uporablja pi\u0161kotke. To so majhni podatkovni drobci, ki jih spletni stre\u017enik ob obisku ponudi va\u0161emu brskalniku. Ta jih obi\u010dajno shrani na va\u0161 ra\u010dunalnik oziroma mobilno napravo, ob poznej\u0161ih obiskih pa se shranjeni pi\u0161kotek iz brskalnika ponovno po\u0161lje stre\u017eniku. Pi\u0161kotki se uporabljajo za shranjevanje nastavitev, vodenje seje posameznega uporabnika, razlikovanje med [&hellip;]<\/p>\n","protected":false},"author":4,"featured_media":0,"parent":0,"menu_order":0,"comment_status":"closed","ping_status":"closed","template":"","meta":{"site-sidebar-layout":"no-sidebar","site-content-layout":"page-builder","ast-site-content-layout":"default","site-content-style":"default","site-sidebar-style":"default","ast-global-header-display":"","ast-banner-title-visibility":"","ast-main-header-display":"","ast-hfb-above-header-display":"","ast-hfb-below-header-display":"","ast-hfb-mobile-header-display":"","site-post-title":"disabled","ast-breadcrumbs-content":"","ast-featured-img":"disabled","footer-sml-layout":"","ast-disable-related-posts":"","theme-transparent-header-meta":"","adv-header-id-meta":"","stick-header-meta":"","header-above-stick-meta":"","header-main-stick-meta":"","header-below-stick-meta":"","astra-migrate-meta-layouts":"default","ast-page-background-enabled":"default","ast-page-background-meta":{"desktop":{"background-color":"","background-image":"","background-repeat":"repeat","background-position":"center center","background-size":"auto","background-attachment":"scroll","background-type":"","background-media":"","overlay-type":"","overlay-color":"","overlay-opacity":"","overlay-gradient":""},"tablet":{"background-color":"","background-image":"","background-repeat":"repeat","background-position":"center center","background-size":"auto","background-attachment":"scroll","background-type":"","background-media":"","overlay-type":"","overlay-color":"","overlay-opacity":"","overlay-gradient":""},"mobile":{"background-color":"","background-image":"","background-repeat":"repeat","background-position":"center center","background-size":"auto","background-attachment":"scroll","background-type":"","background-media":"","overlay-type":"","overlay-color":"","overlay-opacity":"","overlay-gradient":""}},"ast-content-background-meta":{"desktop":{"background-color":"var(--ast-global-color-5)","background-image":"","background-repeat":"repeat","background-position":"center center","background-size":"auto","background-attachment":"scroll","background-type":"","background-media":"","overlay-type":"","overlay-color":"","overlay-opacity":"","overlay-gradient":""},"tablet":{"background-color":"var(--ast-global-color-5)","background-image":"","background-repeat":"repeat","background-position":"center center","background-size":"auto","background-attachment":"scroll","background-type":"","background-media":"","overlay-type":"","overlay-color":"","overlay-opacity":"","overlay-gradient":""},"mobile":{"background-color":"var(--ast-global-color-5)","background-image":"","background-repeat":"repeat","background-position":"center center","background-size":"auto","background-attachment":"scroll","background-type":"","background-media":"","overlay-type":"","overlay-color":"","overlay-opacity":"","overlay-gradient":""}},"footnotes":""},"class_list":["post-4522","page","type-page","status-publish","hentry"],"jetpack_sharing_enabled":true,"_links":{"self":[{"href":"http:\/\/www.esnm-visja.si\/en\/wp-json\/wp\/v2\/pages\/4522","targetHints":{"allow":["GET"]}}],"collection":[{"href":"http:\/\/www.esnm-visja.si\/en\/wp-json\/wp\/v2\/pages"}],"about":[{"href":"http:\/\/www.esnm-visja.si\/en\/wp-json\/wp\/v2\/types\/page"}],"author":[{"embeddable":true,"href":"http:\/\/www.esnm-visja.si\/en\/wp-json\/wp\/v2\/users\/4"}],"replies":[{"embeddable":true,"href":"http:\/\/www.esnm-visja.si\/en\/wp-json\/wp\/v2\/comments?post=4522"}],"version-history":[{"count":25,"href":"http:\/\/www.esnm-visja.si\/en\/wp-json\/wp\/v2\/pages\/4522\/revisions"}],"predecessor-version":[{"id":4548,"href":"http:\/\/www.esnm-visja.si\/en\/wp-json\/wp\/v2\/pages\/4522\/revisions\/4548"}],"wp:attachment":[{"href":"http:\/\/www.esnm-visja.si\/en\/wp-json\/wp\/v2\/media?parent=4522"}],"curies":[{"name":"wp","href":"https:\/\/api.w.org\/{rel}","templated":true}]}}